{"id":161,"date":"2022-04-19T00:47:59","date_gmt":"2022-04-19T00:47:59","guid":{"rendered":"http:\/\/lbarq.com\/?page_id=161"},"modified":"2025-07-19T16:42:41","modified_gmt":"2025-07-19T16:42:41","slug":"prensa","status":"publish","type":"page","link":"https:\/\/lbarq.com\/en\/nosotros\/prensa\/","title":{"rendered":"Press"},"content":{"rendered":"<div data-elementor-type=\"wp-page\" data-elementor-id=\"161\" class=\"elementor elementor-161\" data-elementor-settings=\"{&quot;ha_cmc_init_switcher&quot;:&quot;no&quot;}\" data-elementor-post-type=\"page\">\n\t\t\t\t<div class=\"elementor-element elementor-element-3a6639c6 e-con-full elementor-hidden-desktop elementor-hidden-tablet e-flex e-con e-parent\" data-id=\"3a6639c6\" data-element_type=\"container\" data-settings=\"{&quot;background_background&quot;:&quot;classic&quot;,&quot;sticky&quot;:&quot;top&quot;,&quot;_ha_eqh_enable&quot;:false,&quot;sticky_on&quot;:[&quot;desktop&quot;,&quot;tablet&quot;,&quot;mobile&quot;],&quot;sticky_offset&quot;:0,&quot;sticky_effects_offset&quot;:0,&quot;sticky_anchor_link_offset&quot;:0}\">\n\t\t<div class=\"elementor-element elementor-element-797af8bd e-con-full e-flex e-con e-child\" data-id=\"797af8bd\" data-element_type=\"container\" data-settings=\"{&quot;_ha_eqh_enable&quot;:false}\">\n\t\t\t\t<div class=\"elementor-element elementor-element-1495c23e elementor-widget-mobile__width-initial elementor-widget elementor-widget-image\" data-id=\"1495c23e\" data-element_type=\"widget\" data-widget_type=\"image.default\">\n\t\t\t\t<div class=\"elementor-widget-container\">\n\t\t\t\t\t\t\t\t\t\t\t\t\t\t\t\t<a href=\"https:\/\/lbarq.com\/en\">\n\t\t\t\t\t\t\t<img fetchpriority=\"high\" decoding=\"async\" width=\"572\" height=\"151\" src=\"https:\/\/lbarq.com\/wp-content\/uploads\/2022\/06\/LOGO_Logo-.png\" class=\"attachment-large size-large wp-image-18816\" alt=\"\" srcset=\"https:\/\/lbarq.com\/wp-content\/uploads\/2022\/06\/LOGO_Logo-.png 572w, https:\/\/lbarq.com\/wp-content\/uploads\/2022\/06\/LOGO_Logo--18x5.png 18w\" sizes=\"(max-width: 572px) 100vw, 572px\" \/>\t\t\t\t\t\t\t\t<\/a>\n\t\t\t\t\t\t\t\t\t\t\t\t\t\t\t<\/div>\n\t\t\t\t<\/div>\n\t\t\t\t<\/div>\n\t\t<div class=\"elementor-element elementor-element-2017b0a2 e-con-full e-flex e-con e-child\" data-id=\"2017b0a2\" data-element_type=\"container\" data-settings=\"{&quot;_ha_eqh_enable&quot;:false}\">\n\t\t\t\t<div class=\"elementor-element elementor-element-6f905a81 titulo-seccion elementor-widget-mobile__width-initial elementor-widget elementor-widget-text-editor\" data-id=\"6f905a81\" data-element_type=\"widget\" data-widget_type=\"text-editor.default\">\n\t\t\t\t<div class=\"elementor-widget-container\">\n\t\t\t\t\t\t\t\t\t<p id=\"linea_antes\">About us<\/p><div id=\"gtx-trans\" style=\"position: absolute; left: 245px; top: 38px;\"><div class=\"gtx-trans-icon\">\u00a0<\/div><\/div>\t\t\t\t\t\t\t\t<\/div>\n\t\t\t\t<\/div>\n\t\t\t\t<div data-ha-element-link=\"{&quot;url&quot;:&quot;#elementor-action%3Aaction%3Dpopup%3Aopen%26settings%3DeyJpZCI6IjM1MTciLCJ0b2dnbGUiOmZhbHNlfQ%3D%3D&quot;,&quot;is_external&quot;:&quot;&quot;,&quot;nofollow&quot;:&quot;&quot;}\" style=\"cursor: pointer\" class=\"elementor-element elementor-element-6c2fa4df elementor-widget elementor-widget-html\" data-id=\"6c2fa4df\" data-element_type=\"widget\" data-widget_type=\"html.default\">\n\t\t\t\t<div class=\"elementor-widget-container\">\n\t\t\t\t\t<div class=\"blob\">\r\n      <i aria-hidden=\"true\" role=\"presentation\" class=\"elementor-menu-toggle__icon--open eicon-menu-bar\"><\/i>\r\n<\/div>\r\n\r\n\t\t\t\t<\/div>\n\t\t\t\t<\/div>\n\t\t\t\t<\/div>\n\t\t\t\t<div class=\"elementor-element elementor-element-20c48e63 elementor-widget-divider--view-line elementor-widget elementor-widget-divider\" data-id=\"20c48e63\" data-element_type=\"widget\" data-widget_type=\"divider.default\">\n\t\t\t\t<div class=\"elementor-widget-container\">\n\t\t\t\t\t\t\t<div class=\"elementor-divider\">\n\t\t\t<span class=\"elementor-divider-separator\">\n\t\t\t\t\t\t<\/span>\n\t\t<\/div>\n\t\t\t\t\t\t<\/div>\n\t\t\t\t<\/div>\n\t\t\t\t<\/div>\n\t\t\t\t<section class=\"elementor-section elementor-top-section elementor-element elementor-element-a25f4fa elementor-section-full_width texto_subseccion elementor-section-height-default elementor-section-height-default\" data-id=\"a25f4fa\" data-element_type=\"section\" data-settings=\"{&quot;_ha_eqh_enable&quot;:false}\">\n\t\t\t\t\t\t<div class=\"elementor-container elementor-column-gap-default\">\n\t\t\t\t\t<div class=\"elementor-column elementor-col-100 elementor-top-column elementor-element elementor-element-bf08bb1\" data-id=\"bf08bb1\" data-element_type=\"column\">\n\t\t\t<div class=\"elementor-widget-wrap elementor-element-populated\">\n\t\t\t\t\t\t<div class=\"elementor-element elementor-element-991878f elementor-nav-menu__align-start elementor-nav-menu--dropdown-none elementor-widget__width-inherit elementor-widget-tablet__width-initial texto_subseccion elementor-widget elementor-widget-nav-menu\" data-id=\"991878f\" data-element_type=\"widget\" data-settings=\"{&quot;layout&quot;:&quot;horizontal&quot;,&quot;submenu_icon&quot;:{&quot;value&quot;:&quot;&lt;i class=\\&quot;fas fa-caret-down\\&quot;&gt;&lt;\\\/i&gt;&quot;,&quot;library&quot;:&quot;fa-solid&quot;}}\" data-widget_type=\"nav-menu.default\">\n\t\t\t\t<div class=\"elementor-widget-container\">\n\t\t\t\t\t\t\t\t<nav aria-label=\"Menu\" class=\"elementor-nav-menu--main elementor-nav-menu__container elementor-nav-menu--layout-horizontal e--pointer-none\">\n\t\t\t\t<ul id=\"menu-1-991878f\" class=\"elementor-nav-menu\"><li class=\"menu-item menu-item-type-post_type menu-item-object-page menu-item-16729\"><a href=\"https:\/\/lbarq.com\/en\/nosotros\/\" class=\"elementor-item\">About us<\/a><\/li>\n<li class=\"menu-item menu-item-type-post_type menu-item-object-page menu-item-16731\"><a href=\"https:\/\/lbarq.com\/en\/nosotros\/reconocimientos\/\" class=\"elementor-item\">Awards<\/a><\/li>\n<li class=\"menu-item menu-item-type-post_type menu-item-object-page menu-item-16730\"><a href=\"https:\/\/lbarq.com\/en\/nosotros\/prensa\/\" class=\"elementor-item\">Press<\/a><\/li>\n<\/ul>\t\t\t<\/nav>\n\t\t\t\t\t\t<nav class=\"elementor-nav-menu--dropdown elementor-nav-menu__container\" aria-hidden=\"true\">\n\t\t\t\t<ul id=\"menu-2-991878f\" class=\"elementor-nav-menu\"><li class=\"menu-item menu-item-type-post_type menu-item-object-page menu-item-16729\"><a href=\"https:\/\/lbarq.com\/en\/nosotros\/\" class=\"elementor-item\" tabindex=\"-1\">About us<\/a><\/li>\n<li class=\"menu-item menu-item-type-post_type menu-item-object-page menu-item-16731\"><a href=\"https:\/\/lbarq.com\/en\/nosotros\/reconocimientos\/\" class=\"elementor-item\" tabindex=\"-1\">Awards<\/a><\/li>\n<li class=\"menu-item menu-item-type-post_type menu-item-object-page menu-item-16730\"><a href=\"https:\/\/lbarq.com\/en\/nosotros\/prensa\/\" class=\"elementor-item\" tabindex=\"-1\">Press<\/a><\/li>\n<\/ul>\t\t\t<\/nav>\n\t\t\t\t\t\t<\/div>\n\t\t\t\t<\/div>\n\t\t\t\t\t<\/div>\n\t\t<\/div>\n\t\t\t\t\t<\/div>\n\t\t<\/section>\n\t\t\t\t<section class=\"elementor-section elementor-top-section elementor-element elementor-element-f1f47bd elementor-section-full_width animated-slow elementor-section-height-default elementor-section-height-default elementor-invisible\" data-id=\"f1f47bd\" data-element_type=\"section\" data-settings=\"{&quot;animation&quot;:&quot;fadeInUp&quot;,&quot;animation_delay&quot;:0,&quot;_ha_eqh_enable&quot;:false}\">\n\t\t\t\t\t\t<div class=\"elementor-container elementor-column-gap-default\">\n\t\t\t\t\t<div class=\"elementor-column elementor-col-100 elementor-top-column elementor-element elementor-element-1b480cd\" data-id=\"1b480cd\" data-element_type=\"column\">\n\t\t\t<div class=\"elementor-widget-wrap elementor-element-populated\">\n\t\t\t\t\t\t<div class=\"elementor-element elementor-element-825d92d animated-slow elementor-widget elementor-widget-image\" data-id=\"825d92d\" data-element_type=\"widget\" data-settings=\"{&quot;_animation&quot;:&quot;none&quot;,&quot;_animation_delay&quot;:500}\" data-widget_type=\"image.default\">\n\t\t\t\t<div class=\"elementor-widget-container\">\n\t\t\t\t\t\t\t\t\t\t\t\t\t\t\t<img decoding=\"async\" width=\"1920\" height=\"636\" src=\"https:\/\/lbarq.com\/wp-content\/uploads\/2022\/10\/prensa.webp\" class=\"attachment-full size-full wp-image-16927\" alt=\"\" srcset=\"https:\/\/lbarq.com\/wp-content\/uploads\/2022\/10\/prensa.webp 1920w, https:\/\/lbarq.com\/wp-content\/uploads\/2022\/10\/prensa-768x254.webp 768w, https:\/\/lbarq.com\/wp-content\/uploads\/2022\/10\/prensa-1536x509.webp 1536w, https:\/\/lbarq.com\/wp-content\/uploads\/2022\/10\/prensa-18x6.webp 18w\" sizes=\"(max-width: 1920px) 100vw, 1920px\" \/>\t\t\t\t\t\t\t\t\t\t\t\t\t\t\t<\/div>\n\t\t\t\t<\/div>\n\t\t\t\t<div class=\"elementor-element elementor-element-5d47198 elementor-widget elementor-widget-text-editor\" data-id=\"5d47198\" data-element_type=\"widget\" data-widget_type=\"text-editor.default\">\n\t\t\t\t<div class=\"elementor-widget-container\">\n\t\t\t\t\t\t\t\t\t<p>Axxis 2021 Yearbook Publication \u2013 Meticulous Language<\/p>\t\t\t\t\t\t\t\t<\/div>\n\t\t\t\t<\/div>\n\t\t\t\t\t<\/div>\n\t\t<\/div>\n\t\t\t\t\t<\/div>\n\t\t<\/section>\n\t\t\t\t<section class=\"elementor-section elementor-top-section elementor-element elementor-element-e242ce8 elementor-section-full_width animated-slow elementor-section-height-default elementor-section-height-default elementor-invisible\" data-id=\"e242ce8\" data-element_type=\"section\" data-settings=\"{&quot;animation&quot;:&quot;fadeInUp&quot;,&quot;animation_delay&quot;:500,&quot;_ha_eqh_enable&quot;:false}\">\n\t\t\t\t\t\t<div class=\"elementor-container elementor-column-gap-default\">\n\t\t\t\t\t<div class=\"elementor-column elementor-col-100 elementor-top-column elementor-element elementor-element-f39cec9\" data-id=\"f39cec9\" data-element_type=\"column\">\n\t\t\t<div class=\"elementor-widget-wrap elementor-element-populated\">\n\t\t\t\t\t\t<div class=\"elementor-element elementor-element-235d255 animated-slow elementor-widget elementor-widget-image\" data-id=\"235d255\" data-element_type=\"widget\" data-settings=\"{&quot;_animation&quot;:&quot;none&quot;,&quot;_animation_delay&quot;:1000}\" data-widget_type=\"image.default\">\n\t\t\t\t<div class=\"elementor-widget-container\">\n\t\t\t\t\t\t\t\t\t\t\t\t\t\t\t<img decoding=\"async\" width=\"1920\" height=\"636\" src=\"https:\/\/lbarq.com\/wp-content\/uploads\/2022\/10\/prensa-2.webp\" class=\"attachment-full size-full wp-image-16928\" alt=\"\" srcset=\"https:\/\/lbarq.com\/wp-content\/uploads\/2022\/10\/prensa-2.webp 1920w, https:\/\/lbarq.com\/wp-content\/uploads\/2022\/10\/prensa-2-768x254.webp 768w, https:\/\/lbarq.com\/wp-content\/uploads\/2022\/10\/prensa-2-1536x509.webp 1536w, https:\/\/lbarq.com\/wp-content\/uploads\/2022\/10\/prensa-2-18x6.webp 18w\" sizes=\"(max-width: 1920px) 100vw, 1920px\" \/>\t\t\t\t\t\t\t\t\t\t\t\t\t\t\t<\/div>\n\t\t\t\t<\/div>\n\t\t\t\t<div class=\"elementor-element elementor-element-43070aa elementor-widget elementor-widget-text-editor\" data-id=\"43070aa\" data-element_type=\"widget\" data-widget_type=\"text-editor.default\">\n\t\t\t\t<div class=\"elementor-widget-container\">\n\t\t\t\t\t\t\t\t\tArchdaily Website Publication \u2013 Casa BI \u2013 2021.\u00a0 <a style=\"text-decoration: underline; color: #65625b;\" href=\"https:\/\/www.archdaily.co\/co\/950352\/casa-bi-lorenzo-botero-arquitectos?ad_source=search&amp;ad_medium=projects_tab;\" target=\"_blank\" rel=\"noopener\">See here<\/a>\t\t\t\t\t\t\t\t<\/div>\n\t\t\t\t<\/div>\n\t\t\t\t\t<\/div>\n\t\t<\/div>\n\t\t\t\t\t<\/div>\n\t\t<\/section>\n\t\t\t\t<section class=\"elementor-section elementor-top-section elementor-element elementor-element-b942952 elementor-section-full_width animated-slow elementor-section-height-default elementor-section-height-default elementor-invisible\" data-id=\"b942952\" data-element_type=\"section\" data-settings=\"{&quot;animation&quot;:&quot;fadeInUp&quot;,&quot;animation_delay&quot;:750,&quot;_ha_eqh_enable&quot;:false}\">\n\t\t\t\t\t\t<div class=\"elementor-container elementor-column-gap-default\">\n\t\t\t\t\t<div class=\"elementor-column elementor-col-100 elementor-top-column elementor-element elementor-element-77f7711\" data-id=\"77f7711\" data-element_type=\"column\">\n\t\t\t<div class=\"elementor-widget-wrap elementor-element-populated\">\n\t\t\t\t\t\t<div class=\"elementor-element elementor-element-993a961 animated-slow elementor-widget elementor-widget-image\" data-id=\"993a961\" data-element_type=\"widget\" data-settings=\"{&quot;_animation&quot;:&quot;none&quot;,&quot;_animation_delay&quot;:1000}\" data-widget_type=\"image.default\">\n\t\t\t\t<div class=\"elementor-widget-container\">\n\t\t\t\t\t\t\t\t\t\t\t\t\t\t\t<img loading=\"lazy\" decoding=\"async\" width=\"1920\" height=\"636\" src=\"https:\/\/lbarq.com\/wp-content\/uploads\/2022\/10\/prensa-3.webp\" class=\"attachment-full size-full wp-image-16929\" alt=\"\" srcset=\"https:\/\/lbarq.com\/wp-content\/uploads\/2022\/10\/prensa-3.webp 1920w, https:\/\/lbarq.com\/wp-content\/uploads\/2022\/10\/prensa-3-768x254.webp 768w, https:\/\/lbarq.com\/wp-content\/uploads\/2022\/10\/prensa-3-1536x509.webp 1536w, https:\/\/lbarq.com\/wp-content\/uploads\/2022\/10\/prensa-3-18x6.webp 18w\" sizes=\"(max-width: 1920px) 100vw, 1920px\" \/>\t\t\t\t\t\t\t\t\t\t\t\t\t\t\t<\/div>\n\t\t\t\t<\/div>\n\t\t\t\t<div class=\"elementor-element elementor-element-8012e2b elementor-widget elementor-widget-text-editor\" data-id=\"8012e2b\" data-element_type=\"widget\" data-widget_type=\"text-editor.default\">\n\t\t\t\t<div class=\"elementor-widget-container\">\n\t\t\t\t\t\t\t\t\t<p>Axxis Magazine Publication -Meticulous Language \u2013 2020- No. 318<\/p>\t\t\t\t\t\t\t\t<\/div>\n\t\t\t\t<\/div>\n\t\t\t\t\t<\/div>\n\t\t<\/div>\n\t\t\t\t\t<\/div>\n\t\t<\/section>\n\t\t\t\t<section class=\"elementor-section elementor-top-section elementor-element elementor-element-f9662cb elementor-section-full_width animated-slow elementor-section-height-default elementor-section-height-default elementor-invisible\" data-id=\"f9662cb\" data-element_type=\"section\" data-settings=\"{&quot;animation&quot;:&quot;fadeInUp&quot;,&quot;animation_delay&quot;:1000,&quot;_ha_eqh_enable&quot;:false}\">\n\t\t\t\t\t\t<div class=\"elementor-container elementor-column-gap-default\">\n\t\t\t\t\t<div class=\"elementor-column elementor-col-100 elementor-top-column elementor-element elementor-element-46ebd6a\" data-id=\"46ebd6a\" data-element_type=\"column\">\n\t\t\t<div class=\"elementor-widget-wrap elementor-element-populated\">\n\t\t\t\t\t\t<div class=\"elementor-element elementor-element-2bfb19c animated-slow elementor-widget elementor-widget-image\" data-id=\"2bfb19c\" data-element_type=\"widget\" data-settings=\"{&quot;_animation&quot;:&quot;none&quot;,&quot;_animation_delay&quot;:1000}\" data-widget_type=\"image.default\">\n\t\t\t\t<div class=\"elementor-widget-container\">\n\t\t\t\t\t\t\t\t\t\t\t\t\t\t\t<img loading=\"lazy\" decoding=\"async\" width=\"1920\" height=\"636\" src=\"https:\/\/lbarq.com\/wp-content\/uploads\/2022\/10\/prensa-4.webp\" class=\"attachment-full size-full wp-image-16930\" alt=\"\" srcset=\"https:\/\/lbarq.com\/wp-content\/uploads\/2022\/10\/prensa-4.webp 1920w, https:\/\/lbarq.com\/wp-content\/uploads\/2022\/10\/prensa-4-768x254.webp 768w, https:\/\/lbarq.com\/wp-content\/uploads\/2022\/10\/prensa-4-1536x509.webp 1536w, https:\/\/lbarq.com\/wp-content\/uploads\/2022\/10\/prensa-4-18x6.webp 18w\" sizes=\"(max-width: 1920px) 100vw, 1920px\" \/>\t\t\t\t\t\t\t\t\t\t\t\t\t\t\t<\/div>\n\t\t\t\t<\/div>\n\t\t\t\t<div class=\"elementor-element elementor-element-33470f6 elementor-widget elementor-widget-text-editor\" data-id=\"33470f6\" data-element_type=\"widget\" data-widget_type=\"text-editor.default\">\n\t\t\t\t<div class=\"elementor-widget-container\">\n\t\t\t\t\t\t\t\t\t<p>Exkema Magazine Publication \u2013 Casa BI \u2013 Vol. 8 No. 46<\/p>\t\t\t\t\t\t\t\t<\/div>\n\t\t\t\t<\/div>\n\t\t\t\t\t<\/div>\n\t\t<\/div>\n\t\t\t\t\t<\/div>\n\t\t<\/section>\n\t\t\t\t<\/div>","protected":false},"excerpt":{"rendered":"<p>Nosotros \u00a0 Publicaci\u00f3n Anuario Axxis 2021 &#8211; Lenguaje Meticuloso Publicaci\u00f3n P\u00e1gina Web Archdaily &#8211; Casa B-I &#8211; 2021.\u00a0 Ver aqu\u00ed Publicaci\u00f3n Revista Axxis -Lenguaje Meticuloso &#8211; 2020- No. 318 Publicaci\u00f3n Revista Exkema &#8211; Casa B.I &#8211; Vol. 8 No. 46<\/p>","protected":false},"author":1,"featured_media":0,"parent":51,"menu_order":0,"comment_status":"closed","ping_status":"closed","template":"elementor_header_footer","meta":{"footnotes":""},"class_list":["post-161","page","type-page","status-publish","hentry"],"aioseo_notices":[],"_links":{"self":[{"href":"https:\/\/lbarq.com\/en\/wp-json\/wp\/v2\/pages\/161","targetHints":{"allow":["GET"]}}],"collection":[{"href":"https:\/\/lbarq.com\/en\/wp-json\/wp\/v2\/pages"}],"about":[{"href":"https:\/\/lbarq.com\/en\/wp-json\/wp\/v2\/types\/page"}],"author":[{"embeddable":true,"href":"https:\/\/lbarq.com\/en\/wp-json\/wp\/v2\/users\/1"}],"replies":[{"embeddable":true,"href":"https:\/\/lbarq.com\/en\/wp-json\/wp\/v2\/comments?post=161"}],"version-history":[{"count":165,"href":"https:\/\/lbarq.com\/en\/wp-json\/wp\/v2\/pages\/161\/revisions"}],"predecessor-version":[{"id":21054,"href":"https:\/\/lbarq.com\/en\/wp-json\/wp\/v2\/pages\/161\/revisions\/21054"}],"up":[{"embeddable":true,"href":"https:\/\/lbarq.com\/en\/wp-json\/wp\/v2\/pages\/51"}],"wp:attachment":[{"href":"https:\/\/lbarq.com\/en\/wp-json\/wp\/v2\/media?parent=161"}],"curies":[{"name":"wp","href":"https:\/\/api.w.org\/{rel}","templated":true}]}}