{"id":127,"date":"2022-04-19T00:05:11","date_gmt":"2022-04-19T00:05:11","guid":{"rendered":"http:\/\/lbarq.com\/?page_id=127"},"modified":"2025-07-19T16:43:37","modified_gmt":"2025-07-19T16:43:37","slug":"reconocimientos","status":"publish","type":"page","link":"https:\/\/lbarq.com\/en\/nosotros\/reconocimientos\/","title":{"rendered":"Awards"},"content":{"rendered":"<div data-elementor-type=\"wp-page\" data-elementor-id=\"127\" class=\"elementor elementor-127\" data-elementor-settings=\"{&quot;ha_cmc_init_switcher&quot;:&quot;no&quot;}\" data-elementor-post-type=\"page\">\n\t\t\t\t<div class=\"elementor-element elementor-element-682e65a0 e-con-full elementor-hidden-desktop elementor-hidden-tablet e-flex e-con e-parent\" data-id=\"682e65a0\" data-element_type=\"container\" data-settings=\"{&quot;background_background&quot;:&quot;classic&quot;,&quot;sticky&quot;:&quot;top&quot;,&quot;_ha_eqh_enable&quot;:false,&quot;sticky_on&quot;:[&quot;desktop&quot;,&quot;tablet&quot;,&quot;mobile&quot;],&quot;sticky_offset&quot;:0,&quot;sticky_effects_offset&quot;:0,&quot;sticky_anchor_link_offset&quot;:0}\">\n\t\t<div class=\"elementor-element elementor-element-66446e25 e-con-full e-flex e-con e-child\" data-id=\"66446e25\" data-element_type=\"container\" data-settings=\"{&quot;_ha_eqh_enable&quot;:false}\">\n\t\t\t\t<div class=\"elementor-element elementor-element-29396b36 elementor-widget-mobile__width-initial elementor-widget elementor-widget-image\" data-id=\"29396b36\" data-element_type=\"widget\" data-widget_type=\"image.default\">\n\t\t\t\t<div class=\"elementor-widget-container\">\n\t\t\t\t\t\t\t\t\t\t\t\t\t\t\t\t<a href=\"https:\/\/lbarq.com\/en\">\n\t\t\t\t\t\t\t<img fetchpriority=\"high\" decoding=\"async\" width=\"572\" height=\"151\" src=\"https:\/\/lbarq.com\/wp-content\/uploads\/2022\/06\/LOGO_Logo-.png\" class=\"attachment-large size-large wp-image-18816\" alt=\"\" srcset=\"https:\/\/lbarq.com\/wp-content\/uploads\/2022\/06\/LOGO_Logo-.png 572w, https:\/\/lbarq.com\/wp-content\/uploads\/2022\/06\/LOGO_Logo--18x5.png 18w\" sizes=\"(max-width: 572px) 100vw, 572px\" \/>\t\t\t\t\t\t\t\t<\/a>\n\t\t\t\t\t\t\t\t\t\t\t\t\t\t\t<\/div>\n\t\t\t\t<\/div>\n\t\t\t\t<\/div>\n\t\t<div class=\"elementor-element elementor-element-2934fc94 e-con-full e-flex e-con e-child\" data-id=\"2934fc94\" data-element_type=\"container\" data-settings=\"{&quot;_ha_eqh_enable&quot;:false}\">\n\t\t\t\t<div class=\"elementor-element elementor-element-24a0ec33 titulo-seccion elementor-widget-mobile__width-initial elementor-widget elementor-widget-text-editor\" data-id=\"24a0ec33\" data-element_type=\"widget\" data-widget_type=\"text-editor.default\">\n\t\t\t\t<div class=\"elementor-widget-container\">\n\t\t\t\t\t\t\t\t\t<p id=\"linea_antes\">About us<\/p><div id=\"gtx-trans\" style=\"position: absolute; left: 180px; top: 38px;\"><div class=\"gtx-trans-icon\">\u00a0<\/div><\/div>\t\t\t\t\t\t\t\t<\/div>\n\t\t\t\t<\/div>\n\t\t\t\t<div data-ha-element-link=\"{&quot;url&quot;:&quot;#elementor-action%3Aaction%3Dpopup%3Aopen%26settings%3DeyJpZCI6IjM1MTciLCJ0b2dnbGUiOmZhbHNlfQ%3D%3D&quot;,&quot;is_external&quot;:&quot;&quot;,&quot;nofollow&quot;:&quot;&quot;}\" style=\"cursor: pointer\" class=\"elementor-element elementor-element-3a9122c2 elementor-widget elementor-widget-html\" data-id=\"3a9122c2\" data-element_type=\"widget\" data-widget_type=\"html.default\">\n\t\t\t\t<div class=\"elementor-widget-container\">\n\t\t\t\t\t<div class=\"blob\">\r\n      <i aria-hidden=\"true\" role=\"presentation\" class=\"elementor-menu-toggle__icon--open eicon-menu-bar\"><\/i>\r\n<\/div>\r\n\r\n\t\t\t\t<\/div>\n\t\t\t\t<\/div>\n\t\t\t\t<\/div>\n\t\t\t\t<div class=\"elementor-element elementor-element-5b29b11a elementor-widget-divider--view-line elementor-widget elementor-widget-divider\" data-id=\"5b29b11a\" data-element_type=\"widget\" data-widget_type=\"divider.default\">\n\t\t\t\t<div class=\"elementor-widget-container\">\n\t\t\t\t\t\t\t<div class=\"elementor-divider\">\n\t\t\t<span class=\"elementor-divider-separator\">\n\t\t\t\t\t\t<\/span>\n\t\t<\/div>\n\t\t\t\t\t\t<\/div>\n\t\t\t\t<\/div>\n\t\t\t\t<\/div>\n\t\t\t\t<section class=\"elementor-section elementor-top-section elementor-element elementor-element-8d922a8 elementor-section-full_width texto_subseccion elementor-section-height-default elementor-section-height-default\" data-id=\"8d922a8\" data-element_type=\"section\" data-settings=\"{&quot;_ha_eqh_enable&quot;:false}\">\n\t\t\t\t\t\t<div class=\"elementor-container elementor-column-gap-default\">\n\t\t\t\t\t<div class=\"elementor-column elementor-col-100 elementor-top-column elementor-element elementor-element-bd42335\" data-id=\"bd42335\" data-element_type=\"column\">\n\t\t\t<div class=\"elementor-widget-wrap elementor-element-populated\">\n\t\t\t\t\t\t<div class=\"elementor-element elementor-element-f675900 elementor-nav-menu__align-start elementor-nav-menu--dropdown-none elementor-widget__width-inherit elementor-widget-tablet__width-initial texto_subseccion elementor-widget elementor-widget-nav-menu\" data-id=\"f675900\" data-element_type=\"widget\" data-settings=\"{&quot;layout&quot;:&quot;horizontal&quot;,&quot;submenu_icon&quot;:{&quot;value&quot;:&quot;&lt;i class=\\&quot;fas fa-caret-down\\&quot;&gt;&lt;\\\/i&gt;&quot;,&quot;library&quot;:&quot;fa-solid&quot;}}\" data-widget_type=\"nav-menu.default\">\n\t\t\t\t<div class=\"elementor-widget-container\">\n\t\t\t\t\t\t\t\t<nav aria-label=\"Menu\" class=\"elementor-nav-menu--main elementor-nav-menu__container elementor-nav-menu--layout-horizontal e--pointer-none\">\n\t\t\t\t<ul id=\"menu-1-f675900\" class=\"elementor-nav-menu\"><li class=\"menu-item menu-item-type-post_type menu-item-object-page menu-item-16729\"><a href=\"https:\/\/lbarq.com\/en\/nosotros\/\" class=\"elementor-item\">About us<\/a><\/li>\n<li class=\"menu-item menu-item-type-post_type menu-item-object-page menu-item-16731\"><a href=\"https:\/\/lbarq.com\/en\/nosotros\/reconocimientos\/\" class=\"elementor-item\">Awards<\/a><\/li>\n<li class=\"menu-item menu-item-type-post_type menu-item-object-page menu-item-16730\"><a href=\"https:\/\/lbarq.com\/en\/nosotros\/prensa\/\" class=\"elementor-item\">Press<\/a><\/li>\n<\/ul>\t\t\t<\/nav>\n\t\t\t\t\t\t<nav class=\"elementor-nav-menu--dropdown elementor-nav-menu__container\" aria-hidden=\"true\">\n\t\t\t\t<ul id=\"menu-2-f675900\" class=\"elementor-nav-menu\"><li class=\"menu-item menu-item-type-post_type menu-item-object-page menu-item-16729\"><a href=\"https:\/\/lbarq.com\/en\/nosotros\/\" class=\"elementor-item\" tabindex=\"-1\">About us<\/a><\/li>\n<li class=\"menu-item menu-item-type-post_type menu-item-object-page menu-item-16731\"><a href=\"https:\/\/lbarq.com\/en\/nosotros\/reconocimientos\/\" class=\"elementor-item\" tabindex=\"-1\">Awards<\/a><\/li>\n<li class=\"menu-item menu-item-type-post_type menu-item-object-page menu-item-16730\"><a href=\"https:\/\/lbarq.com\/en\/nosotros\/prensa\/\" class=\"elementor-item\" tabindex=\"-1\">Press<\/a><\/li>\n<\/ul>\t\t\t<\/nav>\n\t\t\t\t\t\t<\/div>\n\t\t\t\t<\/div>\n\t\t\t\t\t<\/div>\n\t\t<\/div>\n\t\t\t\t\t<\/div>\n\t\t<\/section>\n\t\t\t\t<section class=\"elementor-section elementor-top-section elementor-element elementor-element-58e4b70 elementor-section-full_width animated-slow elementor-section-height-default elementor-section-height-default elementor-invisible\" data-id=\"58e4b70\" data-element_type=\"section\" data-settings=\"{&quot;animation&quot;:&quot;fadeInUp&quot;,&quot;animation_delay&quot;:0,&quot;_ha_eqh_enable&quot;:false}\">\n\t\t\t\t\t\t<div class=\"elementor-container elementor-column-gap-default\">\n\t\t\t\t\t<div class=\"elementor-column elementor-col-100 elementor-top-column elementor-element elementor-element-e6d6681\" data-id=\"e6d6681\" data-element_type=\"column\">\n\t\t\t<div class=\"elementor-widget-wrap elementor-element-populated\">\n\t\t\t\t\t\t<div class=\"elementor-element elementor-element-098a954 animated-slow elementor-widget elementor-widget-image\" data-id=\"098a954\" data-element_type=\"widget\" data-settings=\"{&quot;_animation&quot;:&quot;none&quot;,&quot;_animation_delay&quot;:500}\" data-widget_type=\"image.default\">\n\t\t\t\t<div class=\"elementor-widget-container\">\n\t\t\t\t\t\t\t\t\t\t\t\t\t\t\t<img decoding=\"async\" width=\"1920\" height=\"636\" src=\"https:\/\/lbarq.com\/wp-content\/uploads\/2022\/10\/reco.webp\" class=\"attachment-full size-full wp-image-16916\" alt=\"\" srcset=\"https:\/\/lbarq.com\/wp-content\/uploads\/2022\/10\/reco.webp 1920w, https:\/\/lbarq.com\/wp-content\/uploads\/2022\/10\/reco-768x254.webp 768w, https:\/\/lbarq.com\/wp-content\/uploads\/2022\/10\/reco-1536x509.webp 1536w, https:\/\/lbarq.com\/wp-content\/uploads\/2022\/10\/reco-18x6.webp 18w\" sizes=\"(max-width: 1920px) 100vw, 1920px\" \/>\t\t\t\t\t\t\t\t\t\t\t\t\t\t\t<\/div>\n\t\t\t\t<\/div>\n\t\t\t\t<div class=\"elementor-element elementor-element-24ae4f5 elementor-widget elementor-widget-text-editor\" data-id=\"24ae4f5\" data-element_type=\"widget\" data-widget_type=\"text-editor.default\">\n\t\t\t\t<div class=\"elementor-widget-container\">\n\t\t\t\t\t\t\t\t\t2021 \u2013 Archdaily Nomination \u2013 Work of the Year- BI House. \t\t\t\t\t\t\t\t<\/div>\n\t\t\t\t<\/div>\n\t\t\t\t\t<\/div>\n\t\t<\/div>\n\t\t\t\t\t<\/div>\n\t\t<\/section>\n\t\t\t\t<section class=\"elementor-section elementor-top-section elementor-element elementor-element-f29772a elementor-section-full_width animated-slow elementor-section-height-default elementor-section-height-default elementor-invisible\" data-id=\"f29772a\" data-element_type=\"section\" data-settings=\"{&quot;animation&quot;:&quot;fadeInUp&quot;,&quot;animation_delay&quot;:750,&quot;_ha_eqh_enable&quot;:false}\">\n\t\t\t\t\t\t<div class=\"elementor-container elementor-column-gap-default\">\n\t\t\t\t\t<div class=\"elementor-column elementor-col-100 elementor-top-column elementor-element elementor-element-1dd5e0f\" data-id=\"1dd5e0f\" data-element_type=\"column\">\n\t\t\t<div class=\"elementor-widget-wrap elementor-element-populated\">\n\t\t\t\t\t\t<div class=\"elementor-element elementor-element-a7ceec9 animated-slow elementor-widget elementor-widget-image\" data-id=\"a7ceec9\" data-element_type=\"widget\" data-settings=\"{&quot;_animation&quot;:&quot;none&quot;,&quot;_animation_delay&quot;:1000}\" data-widget_type=\"image.default\">\n\t\t\t\t<div class=\"elementor-widget-container\">\n\t\t\t\t\t\t\t\t\t\t\t\t\t\t\t<img decoding=\"async\" width=\"1920\" height=\"636\" src=\"https:\/\/lbarq.com\/wp-content\/uploads\/2022\/10\/reco-\u2013-2.webp\" class=\"attachment-full size-full wp-image-16918\" alt=\"\" srcset=\"https:\/\/lbarq.com\/wp-content\/uploads\/2022\/10\/reco-\u2013-2.webp 1920w, https:\/\/lbarq.com\/wp-content\/uploads\/2022\/10\/reco-\u2013-2-768x254.webp 768w, https:\/\/lbarq.com\/wp-content\/uploads\/2022\/10\/reco-\u2013-2-1536x509.webp 1536w, https:\/\/lbarq.com\/wp-content\/uploads\/2022\/10\/reco-\u2013-2-18x6.webp 18w\" sizes=\"(max-width: 1920px) 100vw, 1920px\" \/>\t\t\t\t\t\t\t\t\t\t\t\t\t\t\t<\/div>\n\t\t\t\t<\/div>\n\t\t\t\t<div class=\"elementor-element elementor-element-c607aec elementor-widget elementor-widget-text-editor\" data-id=\"c607aec\" data-element_type=\"widget\" data-widget_type=\"text-editor.default\">\n\t\t\t\t<div class=\"elementor-widget-container\">\n\t\t\t\t\t\t\t\t\t2018 \u2013 Honorable Mention \u2013 Local Mayor of Santa Fe \u2013 Colombian Society of Architects. \t\t\t\t\t\t\t\t<\/div>\n\t\t\t\t<\/div>\n\t\t\t\t\t<\/div>\n\t\t<\/div>\n\t\t\t\t\t<\/div>\n\t\t<\/section>\n\t\t\t\t<section class=\"elementor-section elementor-top-section elementor-element elementor-element-8e52520 elementor-section-full_width animated-slow elementor-section-height-default elementor-section-height-default elementor-invisible\" data-id=\"8e52520\" data-element_type=\"section\" data-settings=\"{&quot;animation&quot;:&quot;fadeInUp&quot;,&quot;animation_delay&quot;:1000,&quot;_ha_eqh_enable&quot;:false}\">\n\t\t\t\t\t\t<div class=\"elementor-container elementor-column-gap-default\">\n\t\t\t\t\t<div class=\"elementor-column elementor-col-100 elementor-top-column elementor-element elementor-element-0117058\" data-id=\"0117058\" data-element_type=\"column\">\n\t\t\t<div class=\"elementor-widget-wrap elementor-element-populated\">\n\t\t\t\t\t\t<div class=\"elementor-element elementor-element-dc20719 elementor-widget elementor-widget-image\" data-id=\"dc20719\" data-element_type=\"widget\" data-settings=\"{&quot;_animation&quot;:&quot;none&quot;}\" data-widget_type=\"image.default\">\n\t\t\t\t<div class=\"elementor-widget-container\">\n\t\t\t\t\t\t\t\t\t\t\t\t\t\t\t<img loading=\"lazy\" decoding=\"async\" width=\"1920\" height=\"636\" src=\"https:\/\/lbarq.com\/wp-content\/uploads\/2022\/10\/reco-\u2013-3.webp\" class=\"attachment-full size-full wp-image-16919\" alt=\"\" srcset=\"https:\/\/lbarq.com\/wp-content\/uploads\/2022\/10\/reco-\u2013-3.webp 1920w, https:\/\/lbarq.com\/wp-content\/uploads\/2022\/10\/reco-\u2013-3-768x254.webp 768w, https:\/\/lbarq.com\/wp-content\/uploads\/2022\/10\/reco-\u2013-3-1536x509.webp 1536w, https:\/\/lbarq.com\/wp-content\/uploads\/2022\/10\/reco-\u2013-3-18x6.webp 18w\" sizes=\"(max-width: 1920px) 100vw, 1920px\" \/>\t\t\t\t\t\t\t\t\t\t\t\t\t\t\t<\/div>\n\t\t\t\t<\/div>\n\t\t\t\t<div class=\"elementor-element elementor-element-4386588 elementor-widget elementor-widget-text-editor\" data-id=\"4386588\" data-element_type=\"widget\" data-widget_type=\"text-editor.default\">\n\t\t\t\t<div class=\"elementor-widget-container\">\n\t\t\t\t\t\t\t\t\t2017 \u2013 Second Place \u2013 Residential \u2013 Cemex Works Awards \t\t\t\t\t\t\t\t<\/div>\n\t\t\t\t<\/div>\n\t\t\t\t\t<\/div>\n\t\t<\/div>\n\t\t\t\t\t<\/div>\n\t\t<\/section>\n\t\t\t\t<section class=\"elementor-section elementor-top-section elementor-element elementor-element-c6b8427 elementor-section-full_width animated-slow elementor-section-height-default elementor-section-height-default elementor-invisible\" data-id=\"c6b8427\" data-element_type=\"section\" data-settings=\"{&quot;animation&quot;:&quot;fadeInUp&quot;,&quot;animation_delay&quot;:1250,&quot;_ha_eqh_enable&quot;:false}\">\n\t\t\t\t\t\t<div class=\"elementor-container elementor-column-gap-default\">\n\t\t\t\t\t<div class=\"elementor-column elementor-col-100 elementor-top-column elementor-element elementor-element-cad01b6\" data-id=\"cad01b6\" data-element_type=\"column\">\n\t\t\t<div class=\"elementor-widget-wrap elementor-element-populated\">\n\t\t\t\t\t\t<div class=\"elementor-element elementor-element-5780b33 elementor-invisible elementor-widget elementor-widget-image\" data-id=\"5780b33\" data-element_type=\"widget\" data-settings=\"{&quot;_animation&quot;:&quot;fadeInUp&quot;}\" data-widget_type=\"image.default\">\n\t\t\t\t<div class=\"elementor-widget-container\">\n\t\t\t\t\t\t\t\t\t\t\t\t\t\t\t<img loading=\"lazy\" decoding=\"async\" width=\"1920\" height=\"636\" src=\"https:\/\/lbarq.com\/wp-content\/uploads\/2022\/10\/reco-\u2013-4.webp\" class=\"attachment-full size-full wp-image-16920\" alt=\"\" srcset=\"https:\/\/lbarq.com\/wp-content\/uploads\/2022\/10\/reco-\u2013-4.webp 1920w, https:\/\/lbarq.com\/wp-content\/uploads\/2022\/10\/reco-\u2013-4-768x254.webp 768w, https:\/\/lbarq.com\/wp-content\/uploads\/2022\/10\/reco-\u2013-4-1536x509.webp 1536w, https:\/\/lbarq.com\/wp-content\/uploads\/2022\/10\/reco-\u2013-4-18x6.webp 18w\" sizes=\"(max-width: 1920px) 100vw, 1920px\" \/>\t\t\t\t\t\t\t\t\t\t\t\t\t\t\t<\/div>\n\t\t\t\t<\/div>\n\t\t\t\t<div class=\"elementor-element elementor-element-d41b0a9 elementor-widget elementor-widget-text-editor\" data-id=\"d41b0a9\" data-element_type=\"widget\" data-widget_type=\"text-editor.default\">\n\t\t\t\t<div class=\"elementor-widget-container\">\n\t\t\t\t\t\t\t\t\t2016 \u2013 Finalists \u2013 International Wildlife Center \u2013 Africa \u2013 Arquideas \t\t\t\t\t\t\t\t<\/div>\n\t\t\t\t<\/div>\n\t\t\t\t\t<\/div>\n\t\t<\/div>\n\t\t\t\t\t<\/div>\n\t\t<\/section>\n\t\t\t\t<section class=\"elementor-section elementor-top-section elementor-element elementor-element-544f4f9 elementor-section-full_width animated-slow elementor-section-height-default elementor-section-height-default elementor-invisible\" data-id=\"544f4f9\" data-element_type=\"section\" data-settings=\"{&quot;animation&quot;:&quot;fadeInUp&quot;,&quot;animation_delay&quot;:1500,&quot;_ha_eqh_enable&quot;:false}\">\n\t\t\t\t\t\t<div class=\"elementor-container elementor-column-gap-default\">\n\t\t\t\t\t<div class=\"elementor-column elementor-col-100 elementor-top-column elementor-element elementor-element-ad50cc9\" data-id=\"ad50cc9\" data-element_type=\"column\">\n\t\t\t<div class=\"elementor-widget-wrap elementor-element-populated\">\n\t\t\t\t\t\t<div class=\"elementor-element elementor-element-8026224 animated-slow elementor-widget elementor-widget-image\" data-id=\"8026224\" data-element_type=\"widget\" data-settings=\"{&quot;_animation&quot;:&quot;none&quot;,&quot;_animation_delay&quot;:500}\" data-widget_type=\"image.default\">\n\t\t\t\t<div class=\"elementor-widget-container\">\n\t\t\t\t\t\t\t\t\t\t\t\t\t\t\t<img loading=\"lazy\" decoding=\"async\" width=\"1920\" height=\"636\" src=\"https:\/\/lbarq.com\/wp-content\/uploads\/2022\/10\/reco-\u2013-1.webp\" class=\"attachment-full size-full wp-image-16917\" alt=\"\" srcset=\"https:\/\/lbarq.com\/wp-content\/uploads\/2022\/10\/reco-\u2013-1.webp 1920w, https:\/\/lbarq.com\/wp-content\/uploads\/2022\/10\/reco-\u2013-1-768x254.webp 768w, https:\/\/lbarq.com\/wp-content\/uploads\/2022\/10\/reco-\u2013-1-1536x509.webp 1536w, https:\/\/lbarq.com\/wp-content\/uploads\/2022\/10\/reco-\u2013-1-18x6.webp 18w\" sizes=\"(max-width: 1920px) 100vw, 1920px\" \/>\t\t\t\t\t\t\t\t\t\t\t\t\t\t\t<\/div>\n\t\t\t\t<\/div>\n\t\t\t\t<div class=\"elementor-element elementor-element-575af19 elementor-widget elementor-widget-text-editor\" data-id=\"575af19\" data-element_type=\"widget\" data-widget_type=\"text-editor.default\">\n\t\t\t\t<div class=\"elementor-widget-container\">\n\t\t\t\t\t\t\t\t\t<p>2014 \u2013 Second Place \u2013 Casa del Campesino \u2013 Gramalote \u2013 Colombian Society of Architects.<\/p>\t\t\t\t\t\t\t\t<\/div>\n\t\t\t\t<\/div>\n\t\t\t\t\t<\/div>\n\t\t<\/div>\n\t\t\t\t\t<\/div>\n\t\t<\/section>\n\t\t\t\t<\/div>","protected":false},"excerpt":{"rendered":"<p>Nosotros \u00a0 2021 &#8211; Nominaci\u00f3n Archdaily &#8211; Obra del a\u00f1o- Casa B-I. 2018 &#8211; Menci\u00f3n de Honor &#8211; Alcald\u00eda Local de Santa Fe &#8211; Sociedad Colombiana de Arquitectos. 2017 &#8211; Segundo Puesto &#8211; Residencial &#8211; Premios Obras Cemex 2016 &#8211; Finalistas &#8211; International Wildlife Center &#8211; \u00c1frica &#8211; Arquideas 2014 &#8211; Segundo Puesto &#8211; Casa [&hellip;]<\/p>","protected":false},"author":1,"featured_media":0,"parent":51,"menu_order":0,"comment_status":"closed","ping_status":"closed","template":"elementor_header_footer","meta":{"footnotes":""},"class_list":["post-127","page","type-page","status-publish","hentry"],"aioseo_notices":[],"_links":{"self":[{"href":"https:\/\/lbarq.com\/en\/wp-json\/wp\/v2\/pages\/127","targetHints":{"allow":["GET"]}}],"collection":[{"href":"https:\/\/lbarq.com\/en\/wp-json\/wp\/v2\/pages"}],"about":[{"href":"https:\/\/lbarq.com\/en\/wp-json\/wp\/v2\/types\/page"}],"author":[{"embeddable":true,"href":"https:\/\/lbarq.com\/en\/wp-json\/wp\/v2\/users\/1"}],"replies":[{"embeddable":true,"href":"https:\/\/lbarq.com\/en\/wp-json\/wp\/v2\/comments?post=127"}],"version-history":[{"count":129,"href":"https:\/\/lbarq.com\/en\/wp-json\/wp\/v2\/pages\/127\/revisions"}],"predecessor-version":[{"id":21060,"href":"https:\/\/lbarq.com\/en\/wp-json\/wp\/v2\/pages\/127\/revisions\/21060"}],"up":[{"embeddable":true,"href":"https:\/\/lbarq.com\/en\/wp-json\/wp\/v2\/pages\/51"}],"wp:attachment":[{"href":"https:\/\/lbarq.com\/en\/wp-json\/wp\/v2\/media?parent=127"}],"curies":[{"name":"wp","href":"https:\/\/api.w.org\/{rel}","templated":true}]}}